{"id":85,"date":"2025-02-28T12:21:26","date_gmt":"2025-02-28T12:21:26","guid":{"rendered":"https:\/\/rendereaestudio.com\/?page_id=85"},"modified":"2025-02-28T23:52:15","modified_gmt":"2025-02-28T23:52:15","slug":"aviso-legal","status":"publish","type":"page","link":"https:\/\/rendereaestudio.com\/?page_id=85","title":{"rendered":"Aviso Legal"},"content":{"rendered":"\n<p>Desde Renderea Estudio (en adelante,\u00a0\u201cRenderea Estudio\u201d) ponemos a tu disposici\u00f3n, en cumplimiento del art. 10 de la Ley 34\/2002, de 11 de julio, de Servicios de la Sociedad de la Informaci\u00f3n y Comercio Electr\u00f3nico (LSSICE), la informaci\u00f3n necesaria sobre nuestra p\u00e1gina web. Es decir, en este Aviso Legal regulamos las condiciones de uso, las limitaciones de responsabilidad y las obligaciones que, los usuarios de la p\u00e1gina web que se publica bajo el nombre de dominio rendereaestudio.com (en adelante p\u00e1gina web, o Sitio Web), asumen y se comprometen a respetar.<\/p>\n\n\n\n<ol class=\"wp-block-list\">\n<li><strong>Datos identificativos del titular de la web<\/strong><\/li>\n<\/ol>\n\n\n\n<ul class=\"wp-block-list\">\n<li>Denominaci\u00f3n social: Renderea Estudio<\/li>\n\n\n\n<li>Domicilio social: Calle Perojo, 32<\/li>\n\n\n\n<li>Tel\u00e9fono: 608 116 946<\/li>\n\n\n\n<li>Direcci\u00f3n de correo electr\u00f3nico: hola@rendereaestudio.com<\/li>\n<\/ul>\n\n\n\n<ol start=\"2\" class=\"wp-block-list\">\n<li><strong>Acceso a la p\u00e1gina web\u00a0<\/strong><\/li>\n<\/ol>\n\n\n\n<p>El acceso a la p\u00e1gina web implica la aceptaci\u00f3n de las presentes condiciones, por lo que, en caso de no estar conforme con alguna de estas, deber\u00e1s abandonar la presente p\u00e1gina web.&nbsp;<\/p>\n\n\n\n<p>El acceso y\/o uso del presente Sitio Web atribuye la condici\u00f3n de usuario, oblig\u00e1ndose este a usar la web de forma diligente y correcta. En este sentido, se obliga a no utilizarla:<\/p>\n\n\n\n<ul class=\"wp-block-list\">\n<li>Para la realizaci\u00f3n de actividades contrarias a la Ley, a la moral, a las buenas costumbres aceptadas o al Orden P\u00fablico establecido, y<\/li>\n\n\n\n<li>Con fines il\u00edcitos, prohibidos o lesivos de derechos e intereses de terceros.<\/li>\n<\/ul>\n\n\n\n<p>Renderea Estudio no se hace responsable de las actividades llevadas a cabo por el usuario en el website con dichas finalidades prohibidas.<\/p>\n\n\n\n<ol start=\"3\" class=\"wp-block-list\">\n<li><strong>Funcionamiento y contenido<\/strong><\/li>\n<\/ol>\n\n\n\n<p>Renderea Estudio se reserva el derecho de realizar, en cualquier momento y sin necesidad de aviso previo a los usuarios de la web, las actualizaciones y modificaciones que considere oportunas, tanto en la informaci\u00f3n como en la estructura de la p\u00e1gina, as\u00ed como la facultad de cambiar las condiciones de acceso al Sitio Web.<\/p>\n\n\n\n<p>A su vez,\u00a0Renderea Estudio, no se hace responsable de los posibles fallos de comunicaci\u00f3n, no pudiendo garantizar por ello el funcionamiento continuo y la disponibilidad de acceso a la p\u00e1gina web. En estos casos, Renderea Estudio, realizar\u00e1 a la mayor brevedad posible todas aquellas actuaciones tendentes a la subsanaci\u00f3n de los mencionados errores.<\/p>\n\n\n\n<p>Por \u00faltimo, Renderea Estudio informa a los usuarios que con el fin de poder visualizar ciertos contenidos de la p\u00e1gina deber\u00e1 de disponer de software espec\u00edfico para la visualizaci\u00f3n de documentos.<\/p>\n\n\n\n<ol start=\"4\" class=\"wp-block-list\">\n<li><strong>Propiedad Intelectual e Industrial<\/strong><\/li>\n<\/ol>\n\n\n\n<p>Renderea Estudio es propietaria y\/o licenciataria de la presente p\u00e1gina web, incluyendo los elementos contenidos en la misma (a t\u00edtulo enunciativo, im\u00e1genes, sonido, audio, v\u00eddeo, software o textos; marcas o logotipos, combinaciones de colores, estructura y dise\u00f1o, selecci\u00f3n de materiales usados, programas de ordenador necesarios para su funcionamiento, acceso y uso, etc.).<\/p>\n\n\n\n<p>Renderea Estudio tiene en exclusiva el ejercicio de los derechos de reproducci\u00f3n, distribuci\u00f3n, modificaci\u00f3n y comunicaci\u00f3n de los mismos, as\u00ed como todos los derechos de explotaci\u00f3n en cualquiera de sus formas.<\/p>\n\n\n\n<p>Todo el contenido de la p\u00e1gina se encuentra protegido por la normativa en materia de propiedad intelectual e industrial, y la puesta a disposici\u00f3n y su uso, posible consulta o descarga no conlleva en ning\u00fan caso la cesi\u00f3n de ning\u00fan tipo de derecho sobre la propiedad intelectual o industrial del citado material o contenido.<\/p>\n\n\n\n<p>No se permitir\u00e1 la visualizaci\u00f3n, descarga e impresi\u00f3n de los contenidos de la p\u00e1gina web si se realiza con fines publicitarios o comerciales, o para su distribuci\u00f3n, comunicaci\u00f3n p\u00fablica o modificaci\u00f3n y, en general, en los casos en los que dichos actos sean incompatibles con los fines de esta p\u00e1gina. En el resto de los casos, se solicitar\u00e1 autorizaci\u00f3n previa por escrito de\u00a0Renderea Estudio y debe procederse a citar la fuente.<\/p>\n\n\n\n<p>En todo caso, los logos, gr\u00e1ficos, im\u00e1genes, iconos, etc. que formen parte de la p\u00e1gina web, no se podr\u00e1n utilizar por separado del texto al que acompa\u00f1en o del resto de im\u00e1genes o gr\u00e1ficos del que formen parte.<\/p>\n\n\n\n<p>Renderea Estudio se reserva la posibilidad de ejercer las acciones legales que correspondan contra los usuarios que violen o infrinjan los derechos de propiedad intelectual e industrial, incluyendo la indemnizaci\u00f3n de los da\u00f1os y perjuicios causados. Asimismo, el usuario se obliga a indemnizar a\u00a0Renderea Estudio por cualquier da\u00f1o o perjuicio que pudiera ocasionar el uso indebido de esta web.<\/p>\n\n\n\n<p>Toda informaci\u00f3n que los usuarios de la p\u00e1gina web puedan facilitar como sugerencias, propuestas, etc., se consideran recibidas y cedidas a t\u00edtulo gratuito, por lo que ruega que se abstengan de enviar toda aquella informaci\u00f3n que no tenga el citado car\u00e1cter.<\/p>\n\n\n\n<ol start=\"5\" class=\"wp-block-list\">\n<li><strong>Responsabilidad<\/strong><\/li>\n<\/ol>\n\n\n\n<p>Tanto el acceso a esta web como el uso que pueda hacerse de la informaci\u00f3n contenida en la misma es de la exclusiva responsabilidad de quien lo realiza, asumiendo expresamente el usuario que el acceso y la utilizaci\u00f3n del portal, se hace bajo su \u00fanica y exclusiva responsabilidad.<\/p>\n\n\n\n<p>Por este motivo,\u00a0Renderea Estudio no responder\u00e1 en ning\u00fan caso de los posibles da\u00f1os o perjuicios que pudieran derivarse de dicho acceso o del uso de la informaci\u00f3n por parte del usuario, as\u00ed como tampoco de los posibles errores o da\u00f1os que pueda sufrir el sistema inform\u00e1tico del usuario (hardware y software), sus ficheros o documentos almacenados, como consecuencia de la presencia de virus en su ordenador, mal funcionamiento del navegador o uso de versiones no actualizadas del mismo.<\/p>\n\n\n\n<p>En virtud de la Ley 34\/2002 de 11 de julio de Servicios de la Sociedad de la Informaci\u00f3n y Comercio Electr\u00f3nico, para cualquier controversia que pudiera surgir ser\u00e1 de aplicaci\u00f3n la legislaci\u00f3n espa\u00f1ola. El usuario responder\u00e1, en cualquier caso, de la veracidad de los datos facilitados, reserv\u00e1ndose&nbsp;Sanchesky el derecho a excluir de los servicios registrados a todo usuario que haya facilitado datos falsos o inexactos, sin perjuicio de las dem\u00e1s acciones que procedan en Derecho.<\/p>\n\n\n\n<ol start=\"6\" class=\"wp-block-list\">\n<li><strong>Jurisdicci\u00f3n\u00a0<\/strong><\/li>\n<\/ol>\n\n\n\n<p>Para cualquier tipo de controversia existente por el acceso o utilizaci\u00f3n del portal, los usuarios de la p\u00e1gina web y\u00a0Renderea Estudio, con renuncia expresa a cualquier otro fuero que pudiera corresponderles, se someten al fuero de los Juzgados y Tribunales de Las Palmas de Gran Canaria.<\/p>\n","protected":false},"excerpt":{"rendered":"<p>Desde Renderea Estudio (en adelante,\u00a0\u201cRenderea Estudio\u201d) ponemos a tu disposici\u00f3n, en cumplimiento del art. 10 de la Ley 34\/2002, de 11 de julio, de Servicios de la Sociedad de la Informaci\u00f3n y Comercio Electr\u00f3nico (LSSICE), la informaci\u00f3n necesaria sobre nuestra p\u00e1gina web. Es decir, en este Aviso Legal regulamos las condiciones de uso, las limitaciones [&hellip;]<\/p>\n","protected":false},"author":1,"featured_media":0,"parent":0,"menu_order":0,"comment_status":"closed","ping_status":"closed","template":"","meta":{"footnotes":""},"class_list":["post-85","page","type-page","status-publish","hentry"],"_links":{"self":[{"href":"https:\/\/rendereaestudio.com\/index.php?rest_route=\/wp\/v2\/pages\/85","targetHints":{"allow":["GET"]}}],"collection":[{"href":"https:\/\/rendereaestudio.com\/index.php?rest_route=\/wp\/v2\/pages"}],"about":[{"href":"https:\/\/rendereaestudio.com\/index.php?rest_route=\/wp\/v2\/types\/page"}],"author":[{"embeddable":true,"href":"https:\/\/rendereaestudio.com\/index.php?rest_route=\/wp\/v2\/users\/1"}],"replies":[{"embeddable":true,"href":"https:\/\/rendereaestudio.com\/index.php?rest_route=%2Fwp%2Fv2%2Fcomments&post=85"}],"version-history":[{"count":1,"href":"https:\/\/rendereaestudio.com\/index.php?rest_route=\/wp\/v2\/pages\/85\/revisions"}],"predecessor-version":[{"id":6763,"href":"https:\/\/rendereaestudio.com\/index.php?rest_route=\/wp\/v2\/pages\/85\/revisions\/6763"}],"wp:attachment":[{"href":"https:\/\/rendereaestudio.com\/index.php?rest_route=%2Fwp%2Fv2%2Fmedia&parent=85"}],"curies":[{"name":"wp","href":"https:\/\/api.w.org\/{rel}","templated":true}]}}