{"id":6769,"date":"2025-02-28T12:52:01","date_gmt":"2025-02-28T12:52:01","guid":{"rendered":"https:\/\/rendereaestudio.com\/?page_id=6769"},"modified":"2025-03-01T00:13:33","modified_gmt":"2025-03-01T00:13:33","slug":"politica-de-cookies","status":"publish","type":"page","link":"https:\/\/rendereaestudio.com\/?page_id=6769","title":{"rendered":"Pol\u00edtica de Cookies"},"content":{"rendered":"\n<p>Renderea Estudio, titular del sitio rendereaestudio.com, hace uso de diferentes cookies, incluyendo cookies con fines comerciales o publicitarios, entre otras. Si deseas volver a acceder a la herramienta de configuraci\u00f3n de cookies haz click aqu\u00ed. La mera visita de nuestra web no supone que nos est\u00e9s facilitando dato personal alguno ni est\u00e1s obligado a ello, excepto la informaci\u00f3n relacionada con las cookies de car\u00e1cter t\u00e9cnico.<\/p>\n\n\n\n<p><strong>&nbsp; &nbsp; &nbsp; 1. Identificaci\u00f3n responsable del tratamiento&nbsp;<\/strong><\/p>\n\n\n\n<ul class=\"wp-block-list\">\n<li>Denominaci\u00f3n social: Renderea Estudio<\/li>\n\n\n\n<li>Domicilio social: Calle Perojo, 32<\/li>\n\n\n\n<li>Tel\u00e9fono: 608 116 946<\/li>\n\n\n\n<li>Direcci\u00f3n de correo electr\u00f3nico de contacto: hola@rendereaestudio.com<\/li>\n<\/ul>\n\n\n\n<p><strong>&nbsp; &nbsp; &nbsp;2. \u00bfQu\u00e9 es una cookie?<\/strong><\/p>\n\n\n\n<p>Entendemos por cookies el conjunto de caracteres que se almacenan en el disco duro o en la memoria temporal del ordenador de un usuario cuando accede a las p\u00e1ginas de determinados sitios web. En general, pueden servir para finalidades muy diversas, como reconocerte como usuario, obtener informaci\u00f3n sobre tus h\u00e1bitos de navegaci\u00f3n, personalizar la forma en que se muestra el contenido.<\/p>\n\n\n\n<p><strong>&nbsp; &nbsp; &nbsp;3. TIPOS DE COOKIES<\/strong><\/p>\n\n\n\n<p>Existen diferentes tipos de cookies seg\u00fan distintos factores.<\/p>\n\n\n\n<p>Seg\u00fan quien sea la entidad que gestione el dominio desde donde se env\u00edan las cookies y trate los datos que se obtengan se pueden distinguir:<\/p>\n\n\n\n<ul class=\"wp-block-list\">\n<li><strong>Cookies propias<\/strong>: aquellas cookies creadas por el usuario titular de la p\u00e1gina web.<\/li>\n\n\n\n<li><strong>Cookies de terceros<\/strong>: aquellas administradas por un tercero diferente a la ASPAPAPEL.\n<ul class=\"wp-block-list\">\n<li>Seg\u00fan el plazo de tiempo que permanecen almacenadas en el navegador del cliente, pueden tratarse de:\n<ul class=\"wp-block-list\">\n<li><strong>Cookies de sesi\u00f3n<\/strong>: dise\u00f1adas para recabar y almacenar datos mientras el usuario accede a una p\u00e1gina web. Se trata de cookies temporales que desaparecen al finalizar la sesi\u00f3n.<\/li>\n\n\n\n<li><strong>Cookies persistentes<\/strong>: los datos se almacenan en el terminal y pueden ser accedidos y tratados durante el periodo definido por el responsable de la cookie, que puede ir de unos minutos a varios a\u00f1os.<\/li>\n<\/ul>\n<\/li>\n\n\n\n<li>Seg\u00fan la finalidad para la que se traten los datos obtenidos se puede distinguir entre:\n<ul class=\"wp-block-list\">\n<li><strong>Cookies t\u00e9cnicas o funcionales<\/strong>: aquellas que permiten al usuario la navegaci\u00f3n a trav\u00e9s de una p\u00e1gina web, plataforma o aplicaci\u00f3n y la utilizaci\u00f3n de las diferentes opciones o servicios que en ella existan como, por ejemplo, controlar el tr\u00e1fico y la comunicaci\u00f3n de datos, identificar la sesi\u00f3n, acceder a partes de acceso restringido, recordar los elementos que integran un pedido, realizar el proceso de compra de un pedido, realizar la solicitud de inscripci\u00f3n o participaci\u00f3n en un evento, utilizar elementos de seguridad durante la navegaci\u00f3n, almacenar contenidos para la difusi\u00f3n de videos o sonido.<\/li>\n\n\n\n<li><strong>Cookies de preferencias o personalizaci\u00f3n<\/strong>: son las cookies que permiten recordar informaci\u00f3n para que el usuario acceda al servicio con determinadas caracter\u00edsticas seleccionadas por \u00e9l que puedan diferenciar su experiencia de otros usuarios, como el idioma de la web.<\/li>\n\n\n\n<li><strong>Cookies anal\u00edticas\/estad\u00edsticas<\/strong>: son aquellas que permiten, al responsable de las mismas, el seguimiento y an\u00e1lisis del comportamiento de los usuarios de los sitios web a los que est\u00e1n vinculadas. La informaci\u00f3n recogida mediante este tipo de cookies se utiliza en la medici\u00f3n de la actividad de los sitios web, aplicaci\u00f3n o plataforma y para la elaboraci\u00f3n de perfiles de navegaci\u00f3n de los usuarios de dichos sitios, aplicaciones y plataformas, con el fin de introducir mejoras en funci\u00f3n del an\u00e1lisis de los datos de uso que hacen los usuarios del servicio.<\/li>\n\n\n\n<li><strong>Cookies de publicidad comportamental\/marketing\/seguimiento<\/strong>: son las que almacenan informaci\u00f3n relacionada con tus h\u00e1bitos de navegaci\u00f3n en la web y nos permite mostrarte publicidad personalizada basada en dichos h\u00e1bitos de navegaci\u00f3n.<\/li>\n\n\n\n<li><strong>Redes sociales<\/strong>: en nuestra web hemos incluido contenido de Instagram o el chay de WhatsApp Business para promover p\u00e1ginas web o permitir que te pongas en contacto. Este contenido podr\u00eda procesar cierta informaci\u00f3n para anuncios personalizados.\u00a0<\/li>\n<\/ul>\n<\/li>\n<\/ul>\n<\/li>\n<\/ul>\n\n\n\n<p>Al iniciar la p\u00e1gina web se le solicitar\u00e1 su consentimiento para la instalaci\u00f3n de cookies que no sean estrictamente necesarias para el funcionamiento de la web o no respondan a sus opciones de personalizaci\u00f3n, tales como -p. ej.- cookies anal\u00edticas o de publicidad comportamental.<\/p>\n\n\n\n<p><strong>&nbsp; &nbsp; &nbsp; 4. Cookies utilizadas en este sitio web<\/strong><\/p>\n\n\n\n<p>En este sitio web se utilizan cookies para facilitar la navegaci\u00f3n por su Portal, por motivos de seguridad y para obtener una mayor eficacia y personalizaci\u00f3n de los servicios ofrecidos a los Usuarios.<\/p>\n\n\n\n<p>El usuario que navega por la Web puede encontrar cookies insertadas directamente por el Titular, o bien cookies insertadas por entidades distintas a \u00e9ste, seg\u00fan lo detallado en los siguientes apartados:<\/p>\n\n\n\n<p><strong>&nbsp; &nbsp; &nbsp; 5. \u00bfPuedo configurar el navegador para impedir la instalaci\u00f3n de cookies?<\/strong><\/p>\n\n\n\n<p>Con la herramienta de configuraci\u00f3n de cookies tienes la posibilidad de rechazar o aceptar cookies que requieran tu consentimiento, en cualquier momento, haciendo click&nbsp;aqu\u00ed.&nbsp;<\/p>\n\n\n\n<p>Adem\u00e1s, tienes la opci\u00f3n de configurar tu navegador para ser avisado en pantalla de la recepci\u00f3n de cookies y para impedir la instalaci\u00f3n de cookies en tu disco duro, si bien, no te lo recomendamos ya que es posible que pierda parte de sus funcionalidades, no puedas acceder a diferentes partes de la web o aprovecharte de alguno de nuestros servicios, y porque, a grandes rasgos una de las ventajas es la comodidad de no tener que incluir tus datos cada vez que entres en tu perfil en nuestra web.<\/p>\n\n\n\n<p>La forma en que debes configurarlo depender\u00e1 de las caracter\u00edsticas de tu navegador. Puedes restringir, bloquear o borrar las cookies de cualquier p\u00e1gina web, a trav\u00e9s de tu navegador, las instrucciones para cada uno son las siguientes:<\/p>\n\n\n\n<ol class=\"wp-block-list\">\n<li>Para m\u00e1s informaci\u00f3n sobre Google Chrome pulse\u00a0<a href=\"http:\/\/support.google.com\/chrome\/bin\/answer.py?hl=es&amp;answer=95647\">aqu\u00ed<\/a>.<\/li>\n\n\n\n<li>Para m\u00e1s informaci\u00f3n sobre Firefox pulse\u00a0<a href=\"https:\/\/support.mozilla.org\/es\/kb\/habilitar-y-deshabilitar-cookies-sitios-web-rastrear-preferencias?redirectlocale=es&amp;redirectslug=habilitar-y-deshabilitar-cookies-que-los-sitios-we\">aqu\u00ed<\/a>.<\/li>\n\n\n\n<li>Para m\u00e1s informaci\u00f3n sobre Internet Explorer pulse\u00a0<a href=\"https:\/\/support.microsoft.com\/es-es\/help\/17442\/windows-internet-explorer-delete-manage-cookies\">aqu\u00ed<\/a>.<\/li>\n\n\n\n<li>Para m\u00e1s informaci\u00f3n sobre Safari pulse\u00a0<a href=\"https:\/\/support.apple.com\/kb\/PH17191?locale=es_ES&amp;viewlocale=es_ES\">aqu\u00ed<\/a>.<\/li>\n<\/ol>\n\n\n\n<p><strong>&nbsp; &nbsp; &nbsp;6. Derechos de protecci\u00f3n de datos<\/strong><\/p>\n\n\n\n<p>Si desea ejercer sus derechos de protecci\u00f3n de datos en relaci\u00f3n a la informaci\u00f3n tratada por las cookies de nuestro sitio web, puede obtener m\u00e1s informaci\u00f3n consultando la Pol\u00edtica de Privacidad del sitio web de Renderea Estudio. Le informamos que tambi\u00e9n tiene derecho a interponer una reclamaci\u00f3n ante la autoridad de control (en Espa\u00f1a, la Agencia Espa\u00f1ola de Protecci\u00f3n de Datos) si considera que el tratamiento no ha sido conforme con la normativa.<\/p>\n\n\n\n<p><strong>&nbsp; &nbsp; &nbsp;7. Modificaciones de la pol\u00edtica de cookies<\/strong><\/p>\n\n\n\n<p>Renderea Estudio se reserva el derecho de modificar esta Pol\u00edtica de Cookies para adaptarla a novedades legislativas o jurisprudenciales, as\u00ed como a pr\u00e1cticas de la industria. En dichos supuestos, anunciaremos en esta p\u00e1gina los cambios introducidos con razonable antelaci\u00f3n a su puesta en pr\u00e1ctica.<\/p>\n","protected":false},"excerpt":{"rendered":"<p>Renderea Estudio, titular del sitio rendereaestudio.com, hace uso de diferentes cookies, incluyendo cookies con fines comerciales o publicitarios, entre otras. Si deseas volver a acceder a la herramienta de configuraci\u00f3n de cookies haz click aqu\u00ed. La mera visita de nuestra web no supone que nos est\u00e9s facilitando dato personal alguno ni est\u00e1s obligado a ello, [&hellip;]<\/p>\n","protected":false},"author":1,"featured_media":0,"parent":0,"menu_order":0,"comment_status":"closed","ping_status":"closed","template":"","meta":{"footnotes":""},"class_list":["post-6769","page","type-page","status-publish","hentry"],"_links":{"self":[{"href":"https:\/\/rendereaestudio.com\/index.php?rest_route=\/wp\/v2\/pages\/6769","targetHints":{"allow":["GET"]}}],"collection":[{"href":"https:\/\/rendereaestudio.com\/index.php?rest_route=\/wp\/v2\/pages"}],"about":[{"href":"https:\/\/rendereaestudio.com\/index.php?rest_route=\/wp\/v2\/types\/page"}],"author":[{"embeddable":true,"href":"https:\/\/rendereaestudio.com\/index.php?rest_route=\/wp\/v2\/users\/1"}],"replies":[{"embeddable":true,"href":"https:\/\/rendereaestudio.com\/index.php?rest_route=%2Fwp%2Fv2%2Fcomments&post=6769"}],"version-history":[{"count":1,"href":"https:\/\/rendereaestudio.com\/index.php?rest_route=\/wp\/v2\/pages\/6769\/revisions"}],"predecessor-version":[{"id":6770,"href":"https:\/\/rendereaestudio.com\/index.php?rest_route=\/wp\/v2\/pages\/6769\/revisions\/6770"}],"wp:attachment":[{"href":"https:\/\/rendereaestudio.com\/index.php?rest_route=%2Fwp%2Fv2%2Fmedia&parent=6769"}],"curies":[{"name":"wp","href":"https:\/\/api.w.org\/{rel}","templated":true}]}}