{"id":6767,"date":"2025-02-28T12:31:56","date_gmt":"2025-02-28T12:31:56","guid":{"rendered":"https:\/\/rendereaestudio.com\/?page_id=6767"},"modified":"2025-02-28T12:32:46","modified_gmt":"2025-02-28T12:32:46","slug":"politica-de-privacidad","status":"publish","type":"page","link":"https:\/\/rendereaestudio.com\/?page_id=6767","title":{"rendered":"Pol\u00edtica de Privacidad"},"content":{"rendered":"\n<p>A continuaci\u00f3n, vamos a informarte sobre el tratamiento de datos que se efect\u00faa en la p\u00e1gina web rendereaestudio.com , titularidad de Renderea Estudio (en adelante, Renderea Estudio), as\u00ed como todas las p\u00e1ginas que deriven de ella conforme a la normativa de protecci\u00f3n de datos.<\/p>\n\n\n\n<ol class=\"wp-block-list\">\n<li><strong>Objetivo y alcance de la pol\u00edtica de privacidad<\/strong><\/li>\n<\/ol>\n\n\n\n<p>El objetivo de la presente Pol\u00edtica es informar del tratamiento de datos personales como usuario de la p\u00e1gina web de Renderea Estudio, as\u00ed como de los derechos le asisten y las v\u00edas para ejercitarlos, de acuerdo con la regulaci\u00f3n de protecci\u00f3n de datos aplicable.<\/p>\n\n\n\n<p><strong>&nbsp; &nbsp; &nbsp;2. Responsable del tratamiento de sus datos personales<\/strong><\/p>\n\n\n\n<ul class=\"wp-block-list\">\n<li>Denominaci\u00f3n social: Renderea Estudio\u00a0<\/li>\n\n\n\n<li>Domicilio social: Calle Perojo, 32<\/li>\n\n\n\n<li>Tel\u00e9fono: 608 116 946<\/li>\n\n\n\n<li>Direcci\u00f3n de correo electr\u00f3nico de contacto: hola@rendereaestudio.com<\/li>\n<\/ul>\n\n\n\n<p><strong>&nbsp; &nbsp; 3. Marco normativo<\/strong><\/p>\n\n\n\n<p>La normativa de protecci\u00f3n de datos personales aplicable a los tratamientos realizados por Renderea Estudio, es la siguiente:<\/p>\n\n\n\n<ul class=\"wp-block-list\">\n<li>El Reglamento (UE) 2016\/679 del Parlamento Europeo y del Consejo, de 27 de abril de 2016 relativo a la protecci\u00f3n de las personas f\u00edsicas en lo que respecta al tratamiento de datos personales y a la libre circulaci\u00f3n de estos datos y por el que se deroga la Directiva 95\/46\/CE (en adelante, RGPD).<\/li>\n\n\n\n<li>La Ley Org\u00e1nica 3\/2018, de 5 de diciembre, de Protecci\u00f3n de Datos Personales y Garant\u00eda de los Derechos Digitales (en adelante, LOPDGDD).<\/li>\n\n\n\n<li>Ley 34\/2002, de 11 de julio, de servicios de la sociedad de la informaci\u00f3n y de comercio electr\u00f3nico (en adelantes, LSSI).<\/li>\n<\/ul>\n\n\n\n<p>As\u00ed como cuanta otra legislaci\u00f3n resulte de aplicaci\u00f3n al caso concreto y aquella que sustituyan a la citada normativa.<\/p>\n\n\n\n<p><strong>&nbsp; &nbsp;4. \u00bfQu\u00e9 datos personales tratamos en el sitio web y con qu\u00e9 fin?<\/strong><\/p>\n\n\n\n<p>En nuestro sitio web utilizamos una gran variedad de datos para diferentes tipos de tratamientos. A continuaci\u00f3n, procedemos a informar sobre dichos fines.<\/p>\n\n\n\n<p><strong>&nbsp; &nbsp; &nbsp; &nbsp; 4.1. Navegaci\u00f3n en el sitio web<\/strong><\/p>\n\n\n\n<p>Para permitir el correcto funcionamiento de nuestro sitio web, realizar an\u00e1lisis de seguridad y prevenir y detener ataques de denegaci\u00f3n de servicio y, en definitiva, para el correcto funcionamiento de la p\u00e1gina web, recopilan y guardan autom\u00e1ticamente archivos de registro del servidor a corto plazo como parte integrante de los datos de acceso que crea el sistema del ordenador visitante al acceder a nuestro sitio web y durante su uso. El contenido de los archivos de registro del servidor no se combina con otros datos. Utilizamos los archivos de registro del servidor para an\u00e1lisis estad\u00edsticos con el fin de solucionar problemas t\u00e9cnicos, prevenir y defendernos contra ataques de denegaci\u00f3n de servicio e intentos de fraude, y optimizar el correcto funcionamiento de nuestro sitio web. En este supuesto se incluyen tambi\u00e9n las cookies que empleamos en la p\u00e1gina web de Renderea Estudio y cuyo funcionamiento pude consultarse en la Pol\u00edtica de Cookies.<\/p>\n\n\n\n<p>La base jur\u00eddica para la creaci\u00f3n de archivos de registro del servidor se basa en el Art. 6. 1. f) del RGPD. Nuestros intereses leg\u00edtimos residen en el correcto funcionamiento de nuestro sitio web, la realizaci\u00f3n de an\u00e1lisis de seguridad y la defensa frente a amenazas de terceros, as\u00ed como proteger la informaci\u00f3n contenida en nuestro sitio web.<\/p>\n\n\n\n<p><strong>&nbsp; &nbsp; &nbsp; 4.2. Formulario de contacto, correo electr\u00f3nico y tel\u00e9fono de contacto<\/strong><\/p>\n\n\n\n<p>En nuestro sitio web existe la opci\u00f3n de ponerse en contacto con nosotros a trav\u00e9s de diferentes medios como el formulario de contacto. Tambi\u00e9n se podr\u00e1 realizar un tratamiento de datos en caso de que se contacte mediante nuestro n\u00famero de tel\u00e9fono y el correo de contacto hola@rendereaestudio.com . A trav\u00e9s de estos medios se tratar\u00e1n diferentes tipos de datos en funci\u00f3n del motivo por el que se establezca contacto con nosotros (por ejemplo, preguntas sobre nuestros servicios, ejercicio de sus derechos como interesado, presentaci\u00f3n de una solicitud de informaci\u00f3n, etc.), se procesar\u00e1n tus datos de contacto (con la ayuda de proveedores de servicios, en su caso).<\/p>\n\n\n\n<p>La base jur\u00eddica para el tratamiento de sus datos de contacto se basa en el Art. 6.1.a) del RGPD en el consentimiento del interesado.<\/p>\n\n\n\n<p>Por otro lado, en nuestra p\u00e1gina web ofrecemos a los usuarios webs la opci\u00f3n de ponerse en contacto con nosotros a trav\u00e9s de un chat de WhatsApp Business. Si usted decide utilizar ese chat, consiente el tratamiento de datos que realice Renderea Estudio as\u00ed como los t\u00e9rminos y condiciones de WhatsApp y su pol\u00edtica de privacidad. Para obtener m\u00e1s informaci\u00f3n sobre c\u00f3mo WhasApp LLC trata tus datos, puedes consultar su pol\u00edtica de privacidad:\u00a0<a href=\"https:\/\/www.whatsapp.com\/legal\/privacy-policy?lang=en\">https:\/\/www.whatsapp.com\/legal\/privacy-policy?lang=en<\/a><\/p>\n\n\n\n<p><strong>&nbsp; &nbsp; &nbsp;4.3. Tratamiento de datos a trav\u00e9s de p\u00e1ginas web de terceros<\/strong><\/p>\n\n\n\n<p>Integramos servicios y contenidos externos en nuestro sitio web. Si utilizas uno de estos servicios o se muestran contenidos de terceros, se intercambian datos de comunicaci\u00f3n entre t\u00fa y el proveedor de dicho servicio o contenido con fines t\u00e9cnicos.<\/p>\n\n\n\n<p>Ese proveedor puede utilizar tus datos para sus propios fines. Para m\u00e1s informaci\u00f3n sobre la finalidad y el alcance de la recogida y el tratamiento de tus datos, consulta la pol\u00edtica de privacidad del proveedor responsable de los servicios o contenidos integrados por nosotros:<\/p>\n\n\n\n<ol class=\"wp-block-list\">\n<li>\n<ol class=\"wp-block-list\">\n<li>Instagram:\u00a0<a href=\"https:\/\/about.instagram.com\/es-la\/safety\/privacy\">https:\/\/about.instagram.com\/es-la\/safety\/privacy<\/a><\/li>\n\n\n\n<li>TikTok:\u00a0<a href=\"https:\/\/www.whatsapp.com\/legal\/privacy-policy?lang=en\">https:\/\/www.whatsapp.com\/legal\/privacy-policy?lang=en<\/a><\/li>\n\n\n\n<li>WhatsApp:\u00a0<a href=\"https:\/\/www.whatsapp.com\/legal\/privacy-policy?lang=en\">https:\/\/www.whatsapp.com\/legal\/privacy-policy?lang=en<\/a><\/li>\n<\/ol>\n<\/li>\n<\/ol>\n\n\n\n<p><strong>&nbsp; &nbsp;5. \u00bfCu\u00e1nto tiempo conservamos sus datos?<\/strong><\/p>\n\n\n\n<p>Conservaremos sus Datos Personales exclusivamente durante el tiempo necesario para prestarle nuestros Servicios o para cumplir otros fines empresariales leg\u00edtimos como la resoluci\u00f3n de conflictos, por razones de seguridad o para cumplir nuestras obligaciones legales.<\/p>\n\n\n\n<p>En todo caso conservaremos sus datos debidamente bloqueados, desde la consecuci\u00f3n de la finalidad para la que fueron recabados, hasta la finalizaci\u00f3n del plazo de prescripci\u00f3n de las posibles responsabilidades legales derivadas del tratamiento.<\/p>\n\n\n\n<p><strong>&nbsp; &nbsp;6. \u00bfCon qui\u00e9n compartimos sus datos?<\/strong><\/p>\n\n\n\n<p>Sus datos podr\u00e1n ser comunicados para la consecuci\u00f3n de las finalidades a:<\/p>\n\n\n\n<ul class=\"wp-block-list\">\n<li><strong>Proveedores de Servicios<\/strong>\u00a0para ayudarnos a satisfacer las necesidades de nuestro negocio y a desarrollar determinados servicios y funciones podremos revelar datos personales a proveedores, incluyendo proveedores de servicios de alojamiento, de servicios de atenci\u00f3n al cliente, de servicios en la nube, de servicios de entrega de contenidos, de servicios de soporte y supervisi\u00f3n de la seguridad.<\/li>\n\n\n\n<li><strong>Administraciones p\u00fablicas, autoridades judiciales u otros terceros legalmente habilitados<\/strong>.<\/li>\n<\/ul>\n\n\n\n<p><strong>&nbsp; &nbsp;7. Transferencias internacionales de datos<\/strong><\/p>\n\n\n\n<p>No realizaremos transferencias internacionales de tus datos personales ni cesiones a terceros, salvo en caso de requerimiento u obligaci\u00f3n legal. No obstante, en caso de que para las finalidades aqu\u00ed descritas sea necesario realizar una transferencia internacional, Renderea Estudio, as\u00ed como sus proveedores, cumplir\u00e1n con las garant\u00edas recogidas en la normativa de protecci\u00f3n para asegurar un nivel equivalente al ordenamiento jur\u00eddico europeo.<\/p>\n\n\n\n<p><strong>&nbsp; &nbsp;8. Medidas de seguridad de sus datos personales<\/strong><\/p>\n\n\n\n<p>Con el objetivo de salvaguardar la seguridad de tus datos personales, Renderea Estudio ha realizado y realiza peri\u00f3dicamente an\u00e1lisis de los riesgos para los datos personales y la seguridad de la informaci\u00f3n; y ha adoptado las salvaguardas de seguridad necesarias para mitigar dichos riesgos y evitar la alteraci\u00f3n, p\u00e9rdida, o acceso no autorizado a tus datos, si bien la seguridad absoluta no existe.<\/p>\n\n\n\n<p>Igualmente, informamos que todo nuestro personal, cualquiera que sea la fase del tratamiento de datos en la que intervenga, ha adoptado el compromiso de tratar los datos personales con el m\u00e1ximo cuidado y confidencialidad.<\/p>\n\n\n\n<p><strong>&nbsp; &nbsp;9. Derechos de protecci\u00f3n de datos<\/strong><\/p>\n\n\n\n<p>Puedes ejercer tus derechos de protecci\u00f3n de datos recogidos en la normativa aplicable (acceso, rectificaci\u00f3n, supresi\u00f3n, oposici\u00f3n, portabilidad, limitaci\u00f3n o retirar su consentimiento) escribiendo un correo electr\u00f3nico a hola@rendereaestudio.com, identific\u00e1ndose de forma suficiente y v\u00e1lida en Derecho. Asimismo, si considera que sus datos personales no se han tratado de forma correcta, puede ponerse en contacto con la autoridad competente en materia de protecci\u00f3n de datos (en Espa\u00f1a, la Agencia Espa\u00f1ola de Protecci\u00f3n de Datos) para interponer una reclamaci\u00f3n.<\/p>\n\n\n\n<p><strong>&nbsp; &nbsp;10. Modificaci\u00f3n de la presente informaci\u00f3n sobre protecci\u00f3n de datos<\/strong><\/p>\n\n\n\n<p>Renderea Estudio podr\u00e1 modificar la presente informaci\u00f3n sobre Protecci\u00f3n de Datos para adaptarla a la legislaci\u00f3n vigente en cada momento o a los cambios que se produzcan en el tratamiento de datos personales. En caso de que sea legalmente obligatorio, las modificaciones se comunicar\u00e1n a las personas afectadas con la antelaci\u00f3n necesaria.<\/p>\n","protected":false},"excerpt":{"rendered":"<p>A continuaci\u00f3n, vamos a informarte sobre el tratamiento de datos que se efect\u00faa en la p\u00e1gina web rendereaestudio.com , titularidad de Renderea Estudio (en adelante, Renderea Estudio), as\u00ed como todas las p\u00e1ginas que deriven de ella conforme a la normativa de protecci\u00f3n de datos. El objetivo de la presente Pol\u00edtica es informar del tratamiento de [&hellip;]<\/p>\n","protected":false},"author":1,"featured_media":0,"parent":0,"menu_order":0,"comment_status":"closed","ping_status":"closed","template":"","meta":{"footnotes":""},"class_list":["post-6767","page","type-page","status-publish","hentry"],"_links":{"self":[{"href":"https:\/\/rendereaestudio.com\/index.php?rest_route=\/wp\/v2\/pages\/6767","targetHints":{"allow":["GET"]}}],"collection":[{"href":"https:\/\/rendereaestudio.com\/index.php?rest_route=\/wp\/v2\/pages"}],"about":[{"href":"https:\/\/rendereaestudio.com\/index.php?rest_route=\/wp\/v2\/types\/page"}],"author":[{"embeddable":true,"href":"https:\/\/rendereaestudio.com\/index.php?rest_route=\/wp\/v2\/users\/1"}],"replies":[{"embeddable":true,"href":"https:\/\/rendereaestudio.com\/index.php?rest_route=%2Fwp%2Fv2%2Fcomments&post=6767"}],"version-history":[{"count":1,"href":"https:\/\/rendereaestudio.com\/index.php?rest_route=\/wp\/v2\/pages\/6767\/revisions"}],"predecessor-version":[{"id":6768,"href":"https:\/\/rendereaestudio.com\/index.php?rest_route=\/wp\/v2\/pages\/6767\/revisions\/6768"}],"wp:attachment":[{"href":"https:\/\/rendereaestudio.com\/index.php?rest_route=%2Fwp%2Fv2%2Fmedia&parent=6767"}],"curies":[{"name":"wp","href":"https:\/\/api.w.org\/{rel}","templated":true}]}}